{"id":43,"date":"2023-02-20T10:30:23","date_gmt":"2023-02-20T08:30:23","guid":{"rendered":"https:\/\/terapiakoskimaa.fi\/?page_id=43"},"modified":"2023-02-21T08:23:17","modified_gmt":"2023-02-21T06:23:17","slug":"minusta","status":"publish","type":"page","link":"https:\/\/terapiakoskimaa.fi\/?page_id=43","title":{"rendered":"Minusta"},"content":{"rendered":"\n<div class=\"wp-block-columns is-layout-flex wp-container-core-columns-is-layout-9d6595d7 wp-block-columns-is-layout-flex\">\n<div class=\"wp-block-column is-layout-flow wp-block-column-is-layout-flow\" style=\"flex-basis:66.66%\">\n<p>Olen toiminut vuosia psykiatrisessa hoitoty\u00f6ss\u00e4 sairaanhoitajana. Minulla on laaja kokemus eri mielenterveysh\u00e4iri\u00f6ist\u00e4 ja \u2013sairauksista, sek\u00e4 niist\u00e4 toipumisesta. Ty\u00f6ss\u00e4ni olen erityisesti kiinnostunut ty\u00f6skentelem\u00e4\u00e4n traumaorientoituneesti ja ep\u00e4vakauden tuomien haasteiden kanssa. Ty\u00f6ni vastapainona tykk\u00e4\u00e4n luonnonl\u00e4heisyydest\u00e4 ja koirieni kanssa puuhailusta. Olen my\u00f6s kovasti kiinnostunut jatkuvasta kehittymisest\u00e4 opiskelun merkeiss\u00e4 ja suunnitelmissa on seuraavaksi laajentaa tiet\u00e4myst\u00e4 traumapsykoterapian saralla.<\/p>\n\n\n\n<p>Integratiivisesta psykoterapiasta l\u00f6yd\u00e4t lis\u00e4\u00e4 tietoa:<br><a href=\"http:\/\/www.integratiivinenpsykoterapia.fi\/psykoterapia\/\">http:\/\/www.integratiivinenpsykoterapia.fi\/psykoterapia\/<\/a><\/p>\n\n\n\n<p>Olet l\u00e4mpim\u00e4sti tervetullut vastaanotolleni!<\/p>\n<\/div>\n\n\n\n<div class=\"wp-block-column is-layout-flow wp-block-column-is-layout-flow\" style=\"flex-basis:33.33%\">\n<figure class=\"wp-block-image size-large is-resized\"><img loading=\"lazy\" decoding=\"async\" src=\"https:\/\/terapiakoskimaa.fi\/wp-content\/uploads\/2023\/02\/IMG-20230220-WA0000-768x1024.jpg\" alt=\"\" class=\"wp-image-63\" width=\"384\" height=\"512\" srcset=\"https:\/\/terapiakoskimaa.fi\/wp-content\/uploads\/2023\/02\/IMG-20230220-WA0000-768x1024.jpg 768w, https:\/\/terapiakoskimaa.fi\/wp-content\/uploads\/2023\/02\/IMG-20230220-WA0000-225x300.jpg 225w, https:\/\/terapiakoskimaa.fi\/wp-content\/uploads\/2023\/02\/IMG-20230220-WA0000-1152x1536.jpg 1152w, https:\/\/terapiakoskimaa.fi\/wp-content\/uploads\/2023\/02\/IMG-20230220-WA0000.jpg 1536w\" sizes=\"auto, (max-width: 384px) 100vw, 384px\" \/><\/figure>\n<\/div>\n<\/div>\n","protected":false},"excerpt":{"rendered":"<p>Olen toiminut vuosia psykiatrisessa hoitoty\u00f6ss\u00e4 sairaanhoitajana. Minulla on laaja kokemus eri mielenterveysh\u00e4iri\u00f6ist\u00e4 ja \u2013sairauksista, sek\u00e4 niist\u00e4 toipumisesta. Ty\u00f6ss\u00e4ni olen erityisesti kiinnostunut ty\u00f6skentelem\u00e4\u00e4n traumaorientoituneesti ja ep\u00e4vakauden tuomien haasteiden kanssa. Ty\u00f6ni vastapainona tykk\u00e4\u00e4n luonnonl\u00e4heisyydest\u00e4 ja koirieni kanssa puuhailusta. Olen my\u00f6s kovasti kiinnostunut jatkuvasta kehittymisest\u00e4 opiskelun merkeiss\u00e4 ja suunnitelmissa on seuraavaksi laajentaa tiet\u00e4myst\u00e4 traumapsykoterapian saralla. Integratiivisesta psykoterapiasta l\u00f6yd\u00e4t &hellip; <\/p>\n<p class=\"link-more\"><a href=\"https:\/\/terapiakoskimaa.fi\/?page_id=43\" class=\"more-link\">Jatka lukemista<span class=\"screen-reader-text\"> &#8221;Minusta&#8221;<\/span><\/a><\/p>\n","protected":false},"author":1,"featured_media":0,"parent":0,"menu_order":0,"comment_status":"closed","ping_status":"closed","template":"","meta":{"footnotes":""},"class_list":["post-43","page","type-page","status-publish","hentry"],"_links":{"self":[{"href":"https:\/\/terapiakoskimaa.fi\/index.php?rest_route=\/wp\/v2\/pages\/43","targetHints":{"allow":["GET"]}}],"collection":[{"href":"https:\/\/terapiakoskimaa.fi\/index.php?rest_route=\/wp\/v2\/pages"}],"about":[{"href":"https:\/\/terapiakoskimaa.fi\/index.php?rest_route=\/wp\/v2\/types\/page"}],"author":[{"embeddable":true,"href":"https:\/\/terapiakoskimaa.fi\/index.php?rest_route=\/wp\/v2\/users\/1"}],"replies":[{"embeddable":true,"href":"https:\/\/terapiakoskimaa.fi\/index.php?rest_route=%2Fwp%2Fv2%2Fcomments&post=43"}],"version-history":[{"count":10,"href":"https:\/\/terapiakoskimaa.fi\/index.php?rest_route=\/wp\/v2\/pages\/43\/revisions"}],"predecessor-version":[{"id":79,"href":"https:\/\/terapiakoskimaa.fi\/index.php?rest_route=\/wp\/v2\/pages\/43\/revisions\/79"}],"wp:attachment":[{"href":"https:\/\/terapiakoskimaa.fi\/index.php?rest_route=%2Fwp%2Fv2%2Fmedia&parent=43"}],"curies":[{"name":"wp","href":"https:\/\/api.w.org\/{rel}","templated":true}]}}